{"id":101,"date":"2013-02-09T12:02:44","date_gmt":"2013-02-09T10:02:44","guid":{"rendered":"http:\/\/www.photosb.de\/?page_id=101"},"modified":"2013-02-09T13:08:12","modified_gmt":"2013-02-09T11:08:12","slug":"impressum","status":"publish","type":"page","link":"https:\/\/photosb.de\/?page_id=101","title":{"rendered":"Impressum"},"content":{"rendered":"<p align=\"left\">Sabine Bertram<br \/>\nBonner Str. 269<br \/>\n42697 Solingen<br \/>\ns.bertram(at)photosb.de<\/p>\n<p align=\"left\"><strong>Copyright<\/strong><\/p>\n<p>Alle Rechte an den Fotos auf dieser Website vorbehalten.<br \/>\nKommerzielle Nutzung nur mit ausdr\u00fccklicher schriftlicher Genehmigung.<\/p>\n<p align=\"left\"><strong>Haftung<\/strong><\/p>\n<p align=\"left\">Sofern von der Website Links auf Internetseiten f\u00fchren, die von Dritten betrieben werden, \u00fcbernehmen wir keine Verantwortung f\u00fcr deren Inhalte. Wir erkl\u00e4ren vorsorglich, dass wir keinerlei Einfluss auf die Gestaltung und die Inhalte der verlinkten Seiten haben und dass wir uns ausdr\u00fccklich von deren Inhalten distanzieren, sofern sie Dritte sch\u00e4digen k\u00f6nnten.<\/p>\n<div align=\"left\">Bei der Nutzung unserer Webseite werden teilweise\u00a0Angabe zu den pers\u00f6nlichen Verh\u00e4ltnissen erbeten. Die Abgabe dieser\u00a0ist Daten ist freiwillig.\u00a0Die gesammelten\u00a0pers\u00f6nlichen Daten werden entsprechend den deutschen Datenschutzbestimmungen gespeichert und verarbeitet.<\/div>\n","protected":false},"excerpt":{"rendered":"<p>Sabine Bertram Bonner Str. 269 42697 Solingen s.bertram(at)photosb.de Copyright Alle Rechte an den Fotos auf dieser Website vorbehalten. Kommerzielle Nutzung nur mit ausdr\u00fccklicher schriftlicher Genehmigung. Haftung Sofern von der Website Links auf Internetseiten f\u00fchren, die von Dritten betrieben werden, \u00fcbernehmen &hellip; <a href=\"https:\/\/photosb.de\/?page_id=101\">Weiterlesen <span class=\"meta-nav\">&rarr;<\/span><\/a><\/p>\n","protected":false},"author":1,"featured_media":0,"parent":0,"menu_order":0,"comment_status":"closed","ping_status":"closed","template":"","meta":{"ngg_post_thumbnail":0,"footnotes":""},"class_list":["post-101","page","type-page","status-publish","hentry"],"_links":{"self":[{"href":"https:\/\/photosb.de\/index.php?rest_route=\/wp\/v2\/pages\/101","targetHints":{"allow":["GET"]}}],"collection":[{"href":"https:\/\/photosb.de\/index.php?rest_route=\/wp\/v2\/pages"}],"about":[{"href":"https:\/\/photosb.de\/index.php?rest_route=\/wp\/v2\/types\/page"}],"author":[{"embeddable":true,"href":"https:\/\/photosb.de\/index.php?rest_route=\/wp\/v2\/users\/1"}],"replies":[{"embeddable":true,"href":"https:\/\/photosb.de\/index.php?rest_route=%2Fwp%2Fv2%2Fcomments&post=101"}],"version-history":[{"count":3,"href":"https:\/\/photosb.de\/index.php?rest_route=\/wp\/v2\/pages\/101\/revisions"}],"predecessor-version":[{"id":103,"href":"https:\/\/photosb.de\/index.php?rest_route=\/wp\/v2\/pages\/101\/revisions\/103"}],"wp:attachment":[{"href":"https:\/\/photosb.de\/index.php?rest_route=%2Fwp%2Fv2%2Fmedia&parent=101"}],"curies":[{"name":"wp","href":"https:\/\/api.w.org\/{rel}","templated":true}]}}