{"id":116,"date":"2013-02-09T18:30:18","date_gmt":"2013-02-09T16:30:18","guid":{"rendered":"http:\/\/www.photosb.de\/?page_id=116"},"modified":"2013-02-09T18:32:01","modified_gmt":"2013-02-09T16:32:01","slug":"die-vergangenheit-der-zukunft","status":"publish","type":"page","link":"https:\/\/photosb.de\/?page_id=116","title":{"rendered":"Die Vergangenheit der Zukunft"},"content":{"rendered":"<p>Verlassene Industriegel\u00e4nde, vergessene Gegenst\u00e4nde, Geb\u00e4ude, die nicht mehr existieren&#8230;<\/p>\n<p><a title=\"1. Betreten verboten!\" href=\"http:\/\/www.photosb.de\/?page_id=114\"><\/p>\n<ol>\n<li><span style=\"line-height: 15px;\">Betreten verboten!<\/span><\/li>\n<\/ol>\n<p><\/a><\/p>\n","protected":false},"excerpt":{"rendered":"<p>Verlassene Industriegel\u00e4nde, vergessene Gegenst\u00e4nde, Geb\u00e4ude, die nicht mehr existieren&#8230; Betreten verboten!<\/p>\n","protected":false},"author":1,"featured_media":0,"parent":12,"menu_order":0,"comment_status":"closed","ping_status":"closed","template":"","meta":{"ngg_post_thumbnail":0,"footnotes":""},"class_list":["post-116","page","type-page","status-publish","hentry"],"_links":{"self":[{"href":"https:\/\/photosb.de\/index.php?rest_route=\/wp\/v2\/pages\/116","targetHints":{"allow":["GET"]}}],"collection":[{"href":"https:\/\/photosb.de\/index.php?rest_route=\/wp\/v2\/pages"}],"about":[{"href":"https:\/\/photosb.de\/index.php?rest_route=\/wp\/v2\/types\/page"}],"author":[{"embeddable":true,"href":"https:\/\/photosb.de\/index.php?rest_route=\/wp\/v2\/users\/1"}],"replies":[{"embeddable":true,"href":"https:\/\/photosb.de\/index.php?rest_route=%2Fwp%2Fv2%2Fcomments&post=116"}],"version-history":[{"count":3,"href":"https:\/\/photosb.de\/index.php?rest_route=\/wp\/v2\/pages\/116\/revisions"}],"predecessor-version":[{"id":120,"href":"https:\/\/photosb.de\/index.php?rest_route=\/wp\/v2\/pages\/116\/revisions\/120"}],"up":[{"embeddable":true,"href":"https:\/\/photosb.de\/index.php?rest_route=\/wp\/v2\/pages\/12"}],"wp:attachment":[{"href":"https:\/\/photosb.de\/index.php?rest_route=%2Fwp%2Fv2%2Fmedia&parent=116"}],"curies":[{"name":"wp","href":"https:\/\/api.w.org\/{rel}","templated":true}]}}