{"id":126,"date":"2013-02-10T19:03:00","date_gmt":"2013-02-10T17:03:00","guid":{"rendered":"http:\/\/www.photosb.de\/?page_id=126"},"modified":"2013-02-11T20:42:03","modified_gmt":"2013-02-11T18:42:03","slug":"weite","status":"publish","type":"page","link":"https:\/\/photosb.de\/?page_id=126","title":{"rendered":"2. Weite"},"content":{"rendered":"<p>Fr\u00fcher standen gro\u00dfe Maschinen in den Hallen, Menschen gingen ihrer Arbeit nach und die R\u00e4ume waren erf\u00fcllt von L\u00e4rm. Heute hingegen herrscht eine fast be\u00e4ngstigende Stille in den alten Hallen und die Weite scheint zu erdr\u00fccken. Der Mensch ist zum Eindringling geworden&#8230;<\/p>\nngg_shortcode_0_placeholder\n<p>&nbsp;<\/p>\n<p><a title=\"3. Fundst\u00fccke\" href=\"http:\/\/www.photosb.de\/?page_id=129\">3. Fundst\u00fccke<\/a><\/p>\n<p>&nbsp;<\/p>\n","protected":false},"excerpt":{"rendered":"<p>Fr\u00fcher standen gro\u00dfe Maschinen in den Hallen, Menschen gingen ihrer Arbeit nach und die R\u00e4ume waren erf\u00fcllt von L\u00e4rm. Heute hingegen herrscht eine fast be\u00e4ngstigende Stille in den alten Hallen und die Weite scheint zu erdr\u00fccken. Der Mensch ist zum &hellip; <a href=\"https:\/\/photosb.de\/?page_id=126\">Weiterlesen <span class=\"meta-nav\">&rarr;<\/span><\/a><\/p>\n","protected":false},"author":1,"featured_media":0,"parent":116,"menu_order":0,"comment_status":"open","ping_status":"closed","template":"","meta":{"ngg_post_thumbnail":0,"footnotes":""},"class_list":["post-126","page","type-page","status-publish","hentry"],"_links":{"self":[{"href":"https:\/\/photosb.de\/index.php?rest_route=\/wp\/v2\/pages\/126","targetHints":{"allow":["GET"]}}],"collection":[{"href":"https:\/\/photosb.de\/index.php?rest_route=\/wp\/v2\/pages"}],"about":[{"href":"https:\/\/photosb.de\/index.php?rest_route=\/wp\/v2\/types\/page"}],"author":[{"embeddable":true,"href":"https:\/\/photosb.de\/index.php?rest_route=\/wp\/v2\/users\/1"}],"replies":[{"embeddable":true,"href":"https:\/\/photosb.de\/index.php?rest_route=%2Fwp%2Fv2%2Fcomments&post=126"}],"version-history":[{"count":7,"href":"https:\/\/photosb.de\/index.php?rest_route=\/wp\/v2\/pages\/126\/revisions"}],"predecessor-version":[{"id":159,"href":"https:\/\/photosb.de\/index.php?rest_route=\/wp\/v2\/pages\/126\/revisions\/159"}],"up":[{"embeddable":true,"href":"https:\/\/photosb.de\/index.php?rest_route=\/wp\/v2\/pages\/116"}],"wp:attachment":[{"href":"https:\/\/photosb.de\/index.php?rest_route=%2Fwp%2Fv2%2Fmedia&parent=126"}],"curies":[{"name":"wp","href":"https:\/\/api.w.org\/{rel}","templated":true}]}}