{"id":129,"date":"2013-02-10T19:04:41","date_gmt":"2013-02-10T17:04:41","guid":{"rendered":"http:\/\/www.photosb.de\/?page_id=129"},"modified":"2013-02-20T09:36:22","modified_gmt":"2013-02-20T07:36:22","slug":"3-fundstucke","status":"publish","type":"page","link":"https:\/\/photosb.de\/?page_id=129","title":{"rendered":"3. Fundst\u00fccke"},"content":{"rendered":"<p>Einige \u00dcberbleibsel, am Boden liegend, bedeutungslos geworden. Und doch sind diese Fundst\u00fccke Zeugnisse der Vergangenheit&#8230;<\/p>\nngg_shortcode_0_placeholder\n<p>&nbsp;<\/p>\n<p><a title=\"4. Zerst\u00f6rung und Verfall\" href=\"http:\/\/www.photosb.de\/?page_id=131\">4. Zerst\u00f6rung und Zerfall<\/a><\/p>\n<p>&nbsp;<\/p>\n","protected":false},"excerpt":{"rendered":"<p>Einige \u00dcberbleibsel, am Boden liegend, bedeutungslos geworden. Und doch sind diese Fundst\u00fccke Zeugnisse der Vergangenheit&#8230; &nbsp; 4. Zerst\u00f6rung und Zerfall &nbsp;<\/p>\n","protected":false},"author":1,"featured_media":0,"parent":116,"menu_order":0,"comment_status":"open","ping_status":"closed","template":"","meta":{"ngg_post_thumbnail":0,"footnotes":""},"class_list":["post-129","page","type-page","status-publish","hentry"],"_links":{"self":[{"href":"https:\/\/photosb.de\/index.php?rest_route=\/wp\/v2\/pages\/129","targetHints":{"allow":["GET"]}}],"collection":[{"href":"https:\/\/photosb.de\/index.php?rest_route=\/wp\/v2\/pages"}],"about":[{"href":"https:\/\/photosb.de\/index.php?rest_route=\/wp\/v2\/types\/page"}],"author":[{"embeddable":true,"href":"https:\/\/photosb.de\/index.php?rest_route=\/wp\/v2\/users\/1"}],"replies":[{"embeddable":true,"href":"https:\/\/photosb.de\/index.php?rest_route=%2Fwp%2Fv2%2Fcomments&post=129"}],"version-history":[{"count":5,"href":"https:\/\/photosb.de\/index.php?rest_route=\/wp\/v2\/pages\/129\/revisions"}],"predecessor-version":[{"id":182,"href":"https:\/\/photosb.de\/index.php?rest_route=\/wp\/v2\/pages\/129\/revisions\/182"}],"up":[{"embeddable":true,"href":"https:\/\/photosb.de\/index.php?rest_route=\/wp\/v2\/pages\/116"}],"wp:attachment":[{"href":"https:\/\/photosb.de\/index.php?rest_route=%2Fwp%2Fv2%2Fmedia&parent=129"}],"curies":[{"name":"wp","href":"https:\/\/api.w.org\/{rel}","templated":true}]}}